{"id":2187,"date":"2019-03-29T17:09:58","date_gmt":"2019-03-29T16:09:58","guid":{"rendered":"https:\/\/www.mkeventi.com\/?page_id=2187"},"modified":"2019-05-09T18:43:34","modified_gmt":"2019-05-09T16:43:34","slug":"privacy-policy","status":"publish","type":"page","link":"https:\/\/www.mkeventi.com\/it\/privacy-policy","title":{"rendered":"Informativa sul trattamento dei dati personali"},"content":{"rendered":"<p><\/p>\n<h3>Informativa Privacy Sito Web<\/h3>\n<p>(Regolamento Europeo 679\/2016 \u2013 General Data Protection Regulation Codice della Privacy \u2013 Decreto Legislativo 30 Giugno 2003, n. 196)<\/p>\n<p>MK Eventi &amp; Comunicazione Srl si impegna costantemente per tutelare la privacy dei suoi utenti. Questo documento le permetter\u00e0 di conoscere la nostra politica sulla privacy per capire come le sue informazioni (dati personali e dati sensibili) vengono gestite quando utilizza i nostri servizi e le consentir\u00e0 di prestare un consenso, espresso e consapevole, quando le verr\u00e0 richiesto, al trattamento dei suoi dati personali\/sensibili. Le informazioni ed i dati da Lei forniti od altrimenti acquisiti nell\u2019ambito della registrazione ai vari servizi di MK Eventi &amp; Comunicazione Srl, saranno oggetto di trattamento nel rispetto delle disposizioni del Reg EU 679\/ 2016 (GDPR) e del Codice della privacy (i cui testi integrali sono da lei reperibili sul sito web del Garante privacy www.garanteprivacy.it), della Raccomandazione del Gruppo dei Garanti europei n. 2 del 17 Maggio 2001 e degli obblighi di riservatezza che ispirano l\u2019attivit\u00e0 di MK Eventi &amp; Comunicazione Srl. Per trattamento di dati personali o sensibili intendiamo qualunque operazione o complesso di operazioni, effettuati anche senza l\u2019ausilio di strumenti elettronici, concernenti la raccolta, la registrazione, l\u2019organizzazione, la conservazione, la consultazione, l\u2019elaborazione, la modificazione, la selezione, l\u2019estrazione, il raffronto, l\u2019utilizzo, l\u2019interconnessione, il blocco, la comunicazione, la diffusione, la cancellazione e la distruzione di dati, anche se non registrati in una banca di dati. La informiamo che i dati personali e sensibili oggetto di trattamento potranno essere costituiti \u2013 anche a seconda delle sue decisioni su come utilizzare i servizi \u2013 da informazioni testuali, immagini fotografiche o video, tracce audio, utenze telefoniche e da qualsiasi altra informazione idonea a rendere l\u2019interessato identificato o identificabile, a seconda del tipo di servizio richiesto. Secondo le norme del Codice, i trattamenti effettuati da MK Eventi &amp; Comunicazione Srl saranno improntati ai principi di correttezza, liceit\u00e0 e trasparenza e di tutela della Sua riservatezza e dei Suoi diritti.<\/p>\n<h3>Finalit\u00e0 del trattamento<\/h3>\n<p>Il trattamento che intendiamo effettuare ha la finalit\u00e0 di consentire la comunicazione dei visitatori del sito web con l\u2019azienda. Il trattamento prevede quindi la raccolta, la conservazione e l\u2019elaborazione dei dati ai fini dell\u2019instaurazione e della successiva gestione operativa ed amministrativa del rapporto connesso all\u2019erogazione dei servizi e l\u2019effettuazione di comunicazioni relative allo svolgimento del rapporto instaurato. Inoltre, specifichiamo che le finalit\u00e0 del trattamento riguardano altres\u00ec la raccolta, conservazione ed elaborazione dei suoi dati per compiere analisi statistiche in forma anonima e\/o aggregata, senza possibilit\u00e0 di identificare l\u2019utente, volti alla verifica della qualit\u00e0 dei servizi offerti.<\/p>\n<h3>Modalit\u00e0 del trattamento<\/h3>\n<p>I suoi dati personali saranno prevalentemente trattati in automatizzata con strumenti elettronici.<\/p>\n<h3>Comunicazione e diffusione dei dati personali comuni<\/h3>\n<p>I suoi dati personali comuni potranno essere comunicati a:<\/p>\n<ol>\n<li>persone, societ\u00e0 o figure professionali che prestano attivit\u00e0 di servizio o consulenza di MK Eventi &amp; Comunicazione Srl relativamente alla erogazione dei servizi;<\/li>\n<li>soggetti, enti od autorit\u00e0 a cui la comunicazione dei suoi dati personali sia obbligatoria in forza di disposizioni di legge o di ordini delle autorit\u00e0;<\/li>\n<li>soggetti delegati e\/o incaricati da MK Eventi &amp; Comunicazione Srl di svolgere attivit\u00e0 strettamente correlate alla erogazione dei servizi o con i quali sia necessario interagire per l\u2019erogazione dei servizi; soggetti delegati e\/o incaricati da MK Eventi &amp; Comunicazione Srl di svolgere attivit\u00e0 di manutenzione tecnica (inclusa la manutenzione degli apparati di rete e delle reti di comunicazione elettronica).<\/li>\n<\/ol>\n<p>&nbsp;<\/p>\n<h3>Facoltativit\u00e0 od obbligatoriet\u00e0 del consenso<\/h3>\n<p>Il conferimento dei dati, per le finalit\u00e0 sopra indicate \u00e8 necessario per la corretta esecuzione del rapporto; l\u2019eventuale rifiuto a fornire tali dati potrebbe comportare l\u2019impossibilit\u00e0 dell\u2019espletamento della comunicazione con MK Eventi &amp; Comunicazione Srl.<\/p>\n<p>Lei autorizza espressamente MK Eventi &amp; Comunicazione Srl ad utilizzare il recapito da Lei indicato espressamente nel form proposto sul presente sito internet. MK Eventi &amp; Comunicazione Srl non utilizzer\u00e0 i dati personali per invio di materiale commerciale o pubblicitario tramite qualsiasi mezzo diretto o indiretto (telefono, email, posta, fax, ecc.), pertanto non sar\u00e0 richiesto uno specifico consenso o rifiuto da parte Sua.<\/p>\n<h3>Dati di navigazione<\/h3>\n<p>I sistemi informatici e le procedure software preposte al funzionamento del sito Internet di MK Eventi &amp; Comunicazione Srl acquisiscono, nel corso del loro normale esercizio, alcuni dati personali (solo personali, mai sensibili) la cui trasmissione \u00e8 implicita nell\u2019uso dei protocolli di comunicazione di Internet. Si tratta di informazioni che non sono raccolte per essere associate a interessati identificati, ma che per loro stessa natura potrebbero, attraverso elaborazioni ed associazioni con dati detenuti da terzi, permettere di identificare gli utenti. In questa categoria di dati rientrano gli indirizzi IP o i nomi a dominio dei computer utilizzati dagli utenti che si connettono al sito Internet, gli indirizzi in notazione URI (Uniform Resource Identifier) delle risorse richieste, l\u2019orario della richiesta, il metodo utilizzato nel sottoporre la richiesta al server, la dimensione del file eventualmente ottenuto in risposta, il codice numerico indicante lo stato della risposta data dal server (buon fine, errore, ecc.) ed altri parametri relativi al sistema operativo e all\u2019ambiente informatico dell\u2019utente. Questi dati vengono utilizzati al solo fine di ricavare informazioni statistiche anonime sull\u2019uso del sito Internet e per controllarne il corretto funzionamento e vengono cancellati immediatamente dopo l\u2019elaborazione. I dati potrebbero essere utilizzati per l\u2019accertamento di responsabilit\u00e0 in caso di ipotetici reati informatici ai danni del sito Internet o a terzi: salva questa eventualit\u00e0, allo stato i dati sui contatti web non vengono conservati in maniera permanente, a meno di eventuali richieste dell\u2019utente. Con riferimento all\u2019utilizzo dei cookies o di sistemi di tracciatura\/monitoraggio permanente degli utenti, La informiamo che l\u2019accesso al sito Internet pu\u00f2 comportare l\u2019invio \u2013 da parte dei server al PC terminale dell\u2019utente \u2013 di file di testo per ottenere informazioni sulla sua navigazione all\u2019interno del sito Internet. Ai sensi dell\u2019art. 122 del Codice della privacy, La informiamo che l\u2019eventuale invio di cookies non persistenti \u00e8 necessario per permettere il funzionamento di alcune parti del Servizio che richiedono l\u2019identificazione del percorso dell\u2019utente attraverso diverse pagine del sito Internet. \u00c8 sempre possibile disattivare, in maniera semplice e agevole, l\u2019operativit\u00e0 dei cookies da parte sua, operando attraverso le opzioni di configurazione del browser da Lei utilizzato.<\/p>\n<h3>Titolare e Responsabili del trattamento<\/h3>\n<p>Gli estremi identificativi del titolare dei trattamenti sopra evidenziati \u00e8: MK Eventi &amp; Comunicazione Srl \u2013 Via L. Castelvetro 33 \u2013 Milano<\/p>\n<p>Al Responsabile del trattamento, o alla persona da egli designato, ai sensi dell\u2019articolo 29 del Codice Lei potr\u00e0 in ogni momento rivolgersi, contattando MK Eventi e Comunicazione Srl, per esercitare i diritti previsti negli articoli da 15 a 21 del REG EU 679\/2016 e nell\u2019articolo 7 del D.Lgs. 196\/2003, all\u2019indirizzo email <a href=\"mailto:info@mkeventi.com\">info@mkeventi.com<\/a>.<\/p>\n<h3>Conservazione dei dati e misure di sicurezza<\/h3>\n<p>I dati saranno conservati per i tempi definiti dalla normativa di riferimento, sui computer di MK Eventi &amp; Comunicazione Srl, hard disk o in forma cartacea. In ogni caso il periodo di conservazione dei suoi dati sar\u00e0 esclusivamente rappresentato dal tempo necessario a perseguire le finalit\u00e0 sopra esplicate e sar\u00e0 pari alla durata del rapporto di servizio tra Lei e il Titolare del trattamento. Qualora Lei decidesse di richiedere espressamente di richiedere la cancellazione dei suoi dai La informiamo che essi saranno in ogni caso cancellati, salva la necessit\u00e0 di adempimenti contrattuali, amministrativi, fiscali, contabili o di legge successivi alla cessazione dell\u2019uso del servizio da parte sua. La informiamo altres\u00ec che tali dati saranno raccolti, trattati e custoditi nel pieno rispetto di quanto previsto dagli articoli 31 e seguenti del Codice della Privacy e dal Disciplinare Tecnico \u2013 Allegato B al Codice \u2013 in materia di misure di sicurezza.<\/p>\n<h3>Diritto di accesso ai dati personali ed altri diritti<\/h3>\n<p>Le competono i diritti di cui agli articoli da 12 a 23 del Reg EU 679\/2016 e all\u2019art. 7 Codice Privacy:<\/p>\n<ol>\n<li>L\u2019interessato ha diritto di ottenere la conferma dell\u2019esistenza o meno di dati personali che lo riguardano, anche se non ancora registrati, e la loro comunicazione in forma intelligibile.<\/li>\n<li>L\u2019interessato ha diritto di ottenere l\u2019indicazione:\n<ol style=\"list-style-type: lower-alpha;\">\n<li>dell\u2019origine dei dati personali;<\/li>\n<li>delle finalit\u00e0 e modalit\u00e0 del trattamento;<\/li>\n<li>della logica applicata in caso di trattamento effettuato con l\u2019ausilio di strumenti elettronici;<\/li>\n<li>degli estremi identificativi del titolare, dei responsabili e del rappresentante designato ai sensi dell\u2019articolo 5, comma 2;<\/li>\n<li>dei soggetti o delle categorie di soggetti ai quali i dati personali possono essere comunicati o che possono venirne a conoscenza in qualit\u00e0 di rappresentante designato nel territorio dello Stato, di responsabili o incaricati.<\/li>\n<\/ol>\n<\/li>\n<li>L\u2019interessato ha diritto di ottenere:\n<ol style=\"list-style-type: lower-alpha;\">\n<li>l\u2019aggiornamento, la rettificazione ovvero, quando vi ha interesse, l\u2019integrazione dei dati;<\/li>\n<li>la cancellazione, la trasformazione in forma anonima o il blocco dei dati trattati in violazione di legge, compresi quelli di cui non \u00e8 necessaria la conservazione in relazione agli scopi per i quali i dati sono stati raccolti o successivamente trattati;<\/li>\n<li>l\u2019attestazione che le operazioni di cui alle lettere a) e b) sono state portate a conoscenza, anche per quanto riguarda il loro contenuto, di coloro ai quali i dati sono stati comunicati o diffusi, eccettuato il caso in cui tale adempimento si rivela impossibile o comporta un impiego di mezzi manifestamente sproporzionato rispetto al diritto tutelato.<\/li>\n<\/ol>\n<\/li>\n<li>L\u2019interessato ha diritto di opporsi, in tutto o in parte:\n<ol style=\"list-style-type: lower-alpha;\">\n<li>per motivi legittimi al trattamento dei dati personali che lo riguardano, ancorch\u00e9 pertinenti allo scopo della raccolta;<\/li>\n<li>al trattamento di dati personali che lo riguardano a fini di invio di materiale pubblicitario o di vendita diretta o per il compimento di ricerche di mercato o di comunicazione commerciale.<\/li>\n<\/ol>\n<\/li>\n<\/ol>\n<h3>Per ulteriori informazioni, contattare:<\/h3>\n<p>MK EVENTI &amp; COMUNICAZIONE SRL<br \/>\nVia L. Castelvetro 33 \u2013 Milano<br \/>\nTelefono +39 0236705020<br \/>\nE-mail info@mkeventi.com<\/p>\n<p>&nbsp;<\/p>\n<p>25 maggio 2018<\/p>","protected":false},"excerpt":{"rendered":"<p>Informativa Privacy Sito Web (Regolamento Europeo 679\/2016 \u2013 General Data Protection Regulation Codice della Privacy \u2013 Decreto Legislativo 30 Giugno 2003, n. 196) MK Eventi &amp; Comunicazione Srl si impegna costantemente per tutelare la privacy dei suoi utenti. Questo documento le permetter\u00e0 di conoscere la nostra politica sulla privacy per capire come le sue informazioni (dati personali e dati sensibili) vengono gestite quando utilizza i nostri servizi e le consentir\u00e0 di prestare un consenso, espresso e consapevole, quando le verr\u00e0 richiesto, al trattamento dei suoi dati personali\/sensibili. Le informazioni ed i dati da Lei forniti &hellip; <a href=\"https:\/\/www.mkeventi.com\/it\/privacy-policy\">Leggi tutto&#8230;<\/a><\/p>\n","protected":false},"author":3,"featured_media":0,"parent":0,"menu_order":999998,"comment_status":"closed","ping_status":"closed","template":"","meta":{"_acf_changed":false,"footnotes":""},"class_list":["post-2187","page","type-page","status-publish","hentry"],"acf":[],"_links":{"self":[{"href":"https:\/\/www.mkeventi.com\/it\/wp-json\/wp\/v2\/pages\/2187","targetHints":{"allow":["GET"]}}],"collection":[{"href":"https:\/\/www.mkeventi.com\/it\/wp-json\/wp\/v2\/pages"}],"about":[{"href":"https:\/\/www.mkeventi.com\/it\/wp-json\/wp\/v2\/types\/page"}],"author":[{"embeddable":true,"href":"https:\/\/www.mkeventi.com\/it\/wp-json\/wp\/v2\/users\/3"}],"replies":[{"embeddable":true,"href":"https:\/\/www.mkeventi.com\/it\/wp-json\/wp\/v2\/comments?post=2187"}],"version-history":[{"count":0,"href":"https:\/\/www.mkeventi.com\/it\/wp-json\/wp\/v2\/pages\/2187\/revisions"}],"wp:attachment":[{"href":"https:\/\/www.mkeventi.com\/it\/wp-json\/wp\/v2\/media?parent=2187"}],"curies":[{"name":"wp","href":"https:\/\/api.w.org\/{rel}","templated":true}]}}