{"id":1570,"date":"2015-06-01T15:46:03","date_gmt":"2015-06-01T13:46:03","guid":{"rendered":"https:\/\/www.mkeventi.com\/?page_id=1570"},"modified":"2019-03-28T12:56:52","modified_gmt":"2019-03-28T11:56:52","slug":"cookie-policy","status":"publish","type":"page","link":"https:\/\/www.mkeventi.com\/it\/cookie-policy","title":{"rendered":"Informativa estesa sui Cookie (Cookie Policy)"},"content":{"rendered":"<p>I cookie sono piccoli file di testo che possono essere utilizzati dai siti Web per rendere pi\u00f9 efficiente l&#8217;esperienza dell&#8217;utente.<\/p>\n<p>La legge stabilisce che possiamo memorizzare i cookie sul tuo dispositivo se sono strettamente necessari per il funzionamento di questo sito. Per tutti gli altri tipi di cookie \u00e8 necessaria la tua autorizzazione. Questo sito utilizza diversi tipi di cookie. Alcuni cookie sono collocati da servizi di terzi che compaiono sulle nostre pagine.<\/p>\n<p>Puoi modificare o revocare in qualsiasi momento il tuo consenso cliccando sulle opzioni mostrate di seguito.<\/p>\n<p>&nbsp;<\/p>\n<table class=\"wt-cli-element cookielawinfo-classic cookielawinfo-row-cat-table\"><thead><tr><th scope=\"col\" class=\"cookielawinfo-column-1\">Cookie<\/th><th scope=\"col\" class=\"cookielawinfo-column-2\">Tipo<\/th><th scope=\"col\" class=\"cookielawinfo-column-3\">Durata<\/th><th scope=\"col\" class=\"cookielawinfo-column-4\">Descrizione<\/th><\/thead><tbody><tr class=\"cookielawinfo-row-cat-title\"><th colspan=\"4\" class=\"cookielawinfo-row-cat-title-head\">Tecnici<\/th><\/tr><tr class=\"cookielawinfo-row\"><td class=\"cookielawinfo-column-1\">cookielawinfo-checkbox-non-necessary<\/td><td class=\"cookielawinfo-column-2\">persistent<\/td><td class=\"cookielawinfo-column-3\">1 year<\/td><td class=\"cookielawinfo-column-4\">Cookie che tiente traccia della tipologia di cookie approvati.<\/td><\/tr><tr class=\"cookielawinfo-row\"><td class=\"cookielawinfo-column-1\">cookielawinfo-checkbox-third-party<\/td><td class=\"cookielawinfo-column-2\">persistent<\/td><td class=\"cookielawinfo-column-3\">1 year<\/td><td class=\"cookielawinfo-column-4\">Traccia l'accettazione della tipologia di cookie.<\/td><\/tr><tr class=\"cookielawinfo-row\"><td class=\"cookielawinfo-column-1\">cookielawinfo-checkbox-statistics<\/td><td class=\"cookielawinfo-column-2\">persistent<\/td><td class=\"cookielawinfo-column-3\">1 year<\/td><td class=\"cookielawinfo-column-4\">Cookie che tiente traccia della tipologia di cookie approvati.<\/td><\/tr><tr class=\"cookielawinfo-row\"><td class=\"cookielawinfo-column-1\">cookielawinfo-checkbox-necessary<\/td><td class=\"cookielawinfo-column-2\">persistent<\/td><td class=\"cookielawinfo-column-3\">1 year<\/td><td class=\"cookielawinfo-column-4\">Traccia l'accettazione della tipologia di cookie.<\/td><\/tr><tr class=\"cookielawinfo-row\"><td class=\"cookielawinfo-column-1\">qtrans_front_language<\/td><td class=\"cookielawinfo-column-2\">persistent<\/td><td class=\"cookielawinfo-column-3\">11 months<\/td><td class=\"cookielawinfo-column-4\">Questo cookie \u00e8 utilizzato dal CMS per salvare le impostazioni di scelta della lingua impostata dall\u2019utente. Il dato salvato non raccoglie informazioni sull\u2019identit\u00e0 dell\u2019utente.<\/td><\/tr><tr class=\"cookielawinfo-row\"><td class=\"cookielawinfo-column-1\">viewed_cookie_policy<\/td><td class=\"cookielawinfo-column-2\">persistent<\/td><td class=\"cookielawinfo-column-3\">1 hour<\/td><td class=\"cookielawinfo-column-4\">Traccia l'accettazione della cookie policy.<\/td><\/tr><tr class=\"cookielawinfo-row-cat-title\"><th colspan=\"4\" class=\"cookielawinfo-row-cat-title-head\">Statistici<\/th><\/tr><tr class=\"cookielawinfo-row\"><td class=\"cookielawinfo-column-1\">_pk_ses.*<\/td><td class=\"cookielawinfo-column-2\">persistent<\/td><td class=\"cookielawinfo-column-3\">30 minutes<\/td><td class=\"cookielawinfo-column-4\">Cookie utilizzato da Matomo (precedentemente Piwik) per tenere traccia di una sessione, ovvero per misurare il tempo di permanenza di un visitatore sul sito web.<\/td><\/tr><tr class=\"cookielawinfo-row\"><td class=\"cookielawinfo-column-1\">_pk_id.*<\/td><td class=\"cookielawinfo-column-2\">persistent<\/td><td class=\"cookielawinfo-column-3\">1 year<\/td><td class=\"cookielawinfo-column-4\">Cookie usato da Matomo (precedentemente Piwik) per evitare di contare pi\u00f9 volte lo stesso visitatore nel calcolo totale delle visite al sito.<\/td><\/tr><tr class=\"cookielawinfo-row-cat-title\"><th colspan=\"4\" class=\"cookielawinfo-row-cat-title-head\">Terze Parti<\/th><\/tr><tr class=\"cookielawinfo-row\"><td class=\"cookielawinfo-column-1\">IDE<\/td><td class=\"cookielawinfo-column-2\">persistent<\/td><td class=\"cookielawinfo-column-3\">2 years<\/td><td class=\"cookielawinfo-column-4\">Utilizzato da Google DoubleClick per registrare e produrre resoconti sulle azioni dell'utente sul sito dopo aver visualizzato o cliccato una delle pubblicit\u00e0 dell'inserzionista al fine di misurare l'efficacia di una pubblicit\u00e0 e presentare pubblicit\u00e0 mirata all'utente.<\/td><\/tr><tr class=\"cookielawinfo-row\"><td class=\"cookielawinfo-column-1\">VISITOR_INFO1_LIVE<\/td><td class=\"cookielawinfo-column-2\">persistent<\/td><td class=\"cookielawinfo-column-3\">5 months<\/td><td class=\"cookielawinfo-column-4\">YouTube: prova a stimare la velocit\u00e0 della connessione dell'utente su pagine con video YouTube integrato.<\/td><\/tr><tr class=\"cookielawinfo-row\"><td class=\"cookielawinfo-column-1\">GPS<\/td><td class=\"cookielawinfo-column-2\">persistent<\/td><td class=\"cookielawinfo-column-3\">30 minutes<\/td><td class=\"cookielawinfo-column-4\">YouTube: registra un ID univoco sui dispositivi mobili per consentire il tracciamento in base alla posizione geografica GPS.<\/td><\/tr><tr class=\"cookielawinfo-row-cat-title\"><th colspan=\"4\" class=\"cookielawinfo-row-cat-title-head\">Non Necessari<\/th><\/tr><tr class=\"cookielawinfo-row\"><td class=\"cookielawinfo-column-1\">YSC<\/td><td class=\"cookielawinfo-column-2\">session<\/td><td class=\"cookielawinfo-column-3\"><\/td><td class=\"cookielawinfo-column-4\">YouTube: registra un ID univoco per statistiche legate a quali video YouTube sono stati visualizzati dall'utente.<\/td><\/tr><\/tbody><\/table>\n<p>&nbsp;<\/p>\n<p><a class=\"medium cli-plugin-button cli-plugin-main-button cli_settings_button\" href=\"#\">IMPOSTAZIONI<\/a> <a href=\"\" class=\"cookielawinfo-cookie-delete\">Rimuovi autorizzazioni<\/a><\/p>","protected":false},"excerpt":{"rendered":"<p>I cookie sono piccoli file di testo che possono essere utilizzati dai siti Web per rendere pi\u00f9 efficiente l&#8217;esperienza dell&#8217;utente. La legge stabilisce che possiamo memorizzare i cookie sul tuo dispositivo se sono strettamente necessari per il funzionamento di questo sito. Per tutti gli altri tipi di cookie \u00e8 necessaria la tua autorizzazione. Questo sito utilizza diversi tipi di cookie. Alcuni cookie sono collocati da servizi di terzi che compaiono sulle nostre pagine. Puoi modificare o revocare in qualsiasi momento il tuo consenso cliccando sulle opzioni mostrate di seguito. &nbsp; &nbsp; IMPOSTAZIONI<\/p>\n","protected":false},"author":2,"featured_media":0,"parent":0,"menu_order":999999,"comment_status":"closed","ping_status":"closed","template":"","meta":{"_acf_changed":false,"footnotes":""},"class_list":["post-1570","page","type-page","status-publish","hentry"],"acf":[],"_links":{"self":[{"href":"https:\/\/www.mkeventi.com\/it\/wp-json\/wp\/v2\/pages\/1570","targetHints":{"allow":["GET"]}}],"collection":[{"href":"https:\/\/www.mkeventi.com\/it\/wp-json\/wp\/v2\/pages"}],"about":[{"href":"https:\/\/www.mkeventi.com\/it\/wp-json\/wp\/v2\/types\/page"}],"author":[{"embeddable":true,"href":"https:\/\/www.mkeventi.com\/it\/wp-json\/wp\/v2\/users\/2"}],"replies":[{"embeddable":true,"href":"https:\/\/www.mkeventi.com\/it\/wp-json\/wp\/v2\/comments?post=1570"}],"version-history":[{"count":0,"href":"https:\/\/www.mkeventi.com\/it\/wp-json\/wp\/v2\/pages\/1570\/revisions"}],"wp:attachment":[{"href":"https:\/\/www.mkeventi.com\/it\/wp-json\/wp\/v2\/media?parent=1570"}],"curies":[{"name":"wp","href":"https:\/\/api.w.org\/{rel}","templated":true}]}}